{"id":2716,"date":"2019-07-05T17:01:21","date_gmt":"2019-07-06T00:01:21","guid":{"rendered":"https:\/\/marketea.us\/?page_id=2716"},"modified":"2024-09-06T10:37:20","modified_gmt":"2024-09-06T17:37:20","slug":"programas","status":"publish","type":"page","link":"https:\/\/marketea.us\/en\/programas\/","title":{"rendered":"Programas"},"content":{"rendered":"<div class=\"vc_row wpb_row vc_row-fluid vc_custom_1642737235609\"><div class=\"wpb_column vc_column_container vc_col-sm-12\"><div class=\"vc_column-inner\"><div class=\"wpb_wrapper\"><div class=\"ult-animation  ult-animate-viewport  ult-no-mobile\" data-animate=\"slideInUp\" data-animation-delay=\"0\" data-animation-duration=\"0.5\" data-animation-iteration=\"1\" style=\"opacity:0;\" data-opacity_start_effect=\"\"><h1 style=\"color: #ffffff;text-align: center\" class=\"vc_custom_heading no-letter-spacing\" >Conoce nuestros programas<\/h1><\/div><div class=\"ult-animation  ult-animate-viewport  ult-no-mobile\" data-animate=\"slideInUp\" data-animation-delay=\"0\" data-animation-duration=\"0.5\" data-animation-iteration=\"1\" style=\"opacity:0;\" data-opacity_start_effect=\"\"><div class=\"vc_empty_space\"   style=\"height: 10px\"><span class=\"vc_empty_space_inner\"><\/span><\/div><p style=\"color: #d0d1e2;text-align: center\" class=\"vc_custom_heading no-letter-spacing serv-2\" >Estos talleres son tra\u00eddos por Renaissance Entrepreneurship Center para apoyar a la comunidad de peque\u00f1os negocios y emprendedores. Son totalmente gratuitos y est\u00e1n dise\u00f1ados para ayudar a crecer y mejorar tus habilidades empresariales.<\/p><\/div><div class=\"ult-animation  ult-animate-viewport  ult-no-mobile\" data-animate=\"flash\" data-animation-delay=\"0.1\" data-animation-duration=\"0.5\" data-animation-iteration=\"1\" style=\"opacity:0;\" data-opacity_start_effect=\"\"><div class=\"vc_empty_space\"   style=\"height: 40px\"><span class=\"vc_empty_space_inner\"><\/span><\/div><div class=\"vc_icon_element vc_icon_element-outer nav-to bottom-element vc_icon_element-align-center\"><div class=\"vc_icon_element-inner vc_icon_element-color-custom vc_icon_element-size-lg vc_icon_element-style- vc_icon_element-background-color-grey\" ><span class=\"vc_icon_element-icon vc-material vc-material-arrow_downward\" style=\"color:#ffffff !important\"><\/span><a class=\"vc_icon_element-link\" href=\"#s-section\"  title=\"\" target=\"_self\"><\/a><\/div><\/div><\/div><\/div><\/div><\/div><\/div><!-- Row Backgrounds --><div class=\"upb_bg_img\" data-ultimate-bg=\"url(https:\/\/marketea.us\/wp-content\/uploads\/2022\/01\/banner1.jpg)\" data-image-id=\"id^2505|url^https:\/\/marketea.us\/wp-content\/uploads\/2022\/01\/banner1.jpg|caption^null|alt^null|title^banner1|description^null\" data-ultimate-bg-style=\"vcpb-default\" data-bg-img-repeat=\"no-repeat\" data-bg-img-size=\"cover\" data-bg-img-position=\"\" data-parallx_sense=\"30\" data-bg-override=\"ex-full\" data-bg_img_attach=\"scroll\" data-upb-overlay-color=\"\" data-upb-bg-animation=\"\" data-fadeout=\"\" data-bg-animation=\"left-animation\" data-bg-animation-type=\"h\" data-animation-repeat=\"repeat\" data-fadeout-percentage=\"30\" data-parallax-content=\"\" data-parallax-content-sense=\"30\" data-row-effect-mobile-disable=\"true\" data-img-parallax-mobile-disable=\"true\" data-rtl=\"false\"  data-custom-vc-row=\"\"  data-vc=\"6.7.0\"  data-is_old_vc=\"\"  data-theme-support=\"\"   data-overlay=\"false\" data-overlay-color=\"\" data-overlay-pattern=\"\" data-overlay-pattern-opacity=\"\" data-overlay-pattern-size=\"\"    data-seperator=\"true\"  data-seperator-type=\"tilt_right_seperator\"  data-seperator-shape-size=\"40\"  data-seperator-svg-height=\"60\"  data-seperator-full-width=\"true\" data-seperator-position=\"bottom_seperator\"  data-seperator-background-color=\"#ffffff\"  data-icon=\"\"  ><\/div><div id=\"s-section\" class=\"vc_row wpb_row vc_row-fluid add-side-paddings vc_custom_1562355735908\"><div class=\"add-side-paddings-box wpb_column vc_column_container vc_col-sm-12\"><div class=\"vc_column-inner\"><div class=\"wpb_wrapper\"><h2 style=\"color: #c902bc;text-align: center\" class=\"vc_custom_heading\" >Programas disponibles<\/h2><div class=\"vc_empty_space\"   style=\"height: 20px\"><span class=\"vc_empty_space_inner\"><\/span><\/div><\/div><\/div><\/div><\/div><div class=\"vc_row wpb_row vc_row-fluid add-side-paddings vc_custom_1562355745699\"><div class=\"add-side-paddings-box wpb_column vc_column_container vc_col-sm-12\"><div class=\"vc_column-inner\"><div class=\"wpb_wrapper\">\n\t<div class=\"wpb_text_column wpb_content_element\" >\n\t\t<div class=\"wpb_wrapper\">\n\t\t\t<p class=\"secondaryTitle\" style=\"text-align: center;\">We discover the way to make your brand more profitable, designing effective and high impact strategies, and creating products and services that transmit the essence that your brand needs.<\/p>\n\n\t\t<\/div>\n\t<\/div>\n<div class=\"vc_empty_space\"   style=\"height: 30px\"><span class=\"vc_empty_space_inner\"><\/span><\/div><\/div><\/div><\/div><\/div><div data-vc-full-width=\"true\" data-vc-full-width-init=\"false\" data-vc-stretch-content=\"true\" class=\"vc_row wpb_row vc_row-fluid equal-height-columns vc_row-o-equal-height vc_row-o-content-top vc_row-flex\"><div class=\"increase-size-tablet wpb_column vc_column_container vc_col-sm-3 vc_col-has-fill\"><div class=\"vc_column-inner vc_custom_1725644205384\"><div class=\"wpb_wrapper\"><\/div><\/div><\/div><div class=\"increase-size-tablet wpb_column vc_column_container vc_col-sm-3 vc_col-has-fill\"><div class=\"vc_column-inner vc_custom_1562356292722\"><div class=\"wpb_wrapper\"><div class=\"vc_empty_space\"   style=\"height: 20px\"><span class=\"vc_empty_space_inner\"><\/span><\/div>\n\t<div class=\"wpb_text_column wpb_content_element  make-p-small\" >\n\t\t<div class=\"wpb_wrapper\">\n\t\t\t<h3><span style=\"color: #fbe8e6;\">Conecta +<\/span><\/h3>\n<p><span style=\"color: #fbe8e6;\">Potencia tu negocio desde lo b\u00e1sico hasta un nivel intermedio en marketing digital. Aprende a crear estrategias de marketing, identificar a tu cliente ideal, y construir una identidad de marca s\u00f3lida. <\/span><\/p>\n<p><span style=\"color: #fbe8e6;\">Domina redes sociales, herramientas digitales, y la creaci\u00f3n de contenido con inteligencia artificial para llevar tu presencia digital al siguiente nivel.<\/span><\/p>\n\n\t\t<\/div>\n\t<\/div>\n<div class=\"vc_empty_space\"   style=\"height: 20px\"><span class=\"vc_empty_space_inner\"><\/span><\/div><\/div><\/div><\/div><div class=\"increase-size-tablet wpb_column vc_column_container vc_col-sm-3 vc_col-has-fill\"><div class=\"vc_column-inner vc_custom_1725644194988\"><div class=\"wpb_wrapper\"><\/div><\/div><\/div><div class=\"increase-size-tablet wpb_column vc_column_container vc_col-sm-3 vc_col-has-fill\"><div class=\"vc_column-inner vc_custom_1640698082354\"><div class=\"wpb_wrapper\"><div class=\"vc_empty_space\"   style=\"height: 20px\"><span class=\"vc_empty_space_inner\"><\/span><\/div>\n\t<div class=\"wpb_text_column wpb_content_element  make-p-small\" >\n\t\t<div class=\"wpb_wrapper\">\n\t\t\t<h3>Mujeres de Impacto<\/h3>\n<p>\u00a1Empodera tu emprendimiento!<\/p>\n<p>Desarrolla una mentalidad empresarial fuerte, crea una marca personal que brille, y comunica tu historia con impacto.<\/p>\n<p>Aprende liderazgo, finanzas personales, ventas efectivas y c\u00f3mo conectar con tu comunidad para llevar tu negocio al siguiente nivel.<\/p>\n\n\t\t<\/div>\n\t<\/div>\n<div class=\"vc_empty_space\"   style=\"height: 20px\"><span class=\"vc_empty_space_inner\"><\/span><\/div><\/div><\/div><\/div><\/div><div class=\"vc_row-full-width vc_clearfix\"><\/div><!-- Row Backgrounds --><div data-vc-full-width=\"true\" data-vc-full-width-init=\"false\" data-vc-stretch-content=\"true\" class=\"vc_row wpb_row vc_row-fluid equal-height-columns vc_custom_1463568662404 vc_row-o-equal-height vc_row-flex\"><div class=\"increase-size-tablet wpb_column vc_column_container vc_col-sm-3 vc_col-has-fill\"><div class=\"vc_column-inner vc_custom_1725644237896\"><div class=\"wpb_wrapper\"><\/div><\/div><\/div><div class=\"increase-size-tablet wpb_column vc_column_container vc_col-sm-3 vc_col-has-fill\"><div class=\"vc_column-inner vc_custom_1640698103922\"><div class=\"wpb_wrapper\"><div class=\"vc_empty_space\"   style=\"height: 20px\"><span class=\"vc_empty_space_inner\"><\/span><\/div>\n\t<div class=\"wpb_text_column wpb_content_element  make-p-small\" >\n\t\t<div class=\"wpb_wrapper\">\n\t\t\t<h3><span style=\"color: #ffffff;\">Digital\u00edzate para Emprender<\/span><\/h3>\n<p><span style=\"color: #ffffff;\"> \u00a1Transforma tu negocio! Domina Google Workspace, organiza mejor tu correo y tu tiempo, y crea documentos y hojas de c\u00e1lculo f\u00e1cilmente. <\/span><\/p>\n<p><span style=\"color: #ffffff;\">Aprende a destacar en redes sociales, acepta pagos digitales y usa herramientas de dise\u00f1o con inteligencia artificial para llevar tu emprendimiento al siguiente nivel.<br \/>\n<\/span><\/p>\n\n\t\t<\/div>\n\t<\/div>\n<div class=\"vc_empty_space\"   style=\"height: 20px\"><span class=\"vc_empty_space_inner\"><\/span><\/div><\/div><\/div><\/div><div class=\"increase-size-tablet wpb_column vc_column_container vc_col-sm-3 vc_col-has-fill\"><div class=\"vc_column-inner vc_custom_1725644228215\"><div class=\"wpb_wrapper\"><\/div><\/div><\/div><div class=\"increase-size-tablet wpb_column vc_column_container vc_col-sm-3 vc_col-has-fill\"><div class=\"vc_column-inner vc_custom_1562356448365\"><div class=\"wpb_wrapper\"><div class=\"vc_empty_space\"   style=\"height: 20px\"><span class=\"vc_empty_space_inner\"><\/span><\/div>\n\t<div class=\"wpb_text_column wpb_content_element  make-p-small\" >\n\t\t<div class=\"wpb_wrapper\">\n\t\t\t<p><span style=\"color: #ffffff;\">Success is about attracting your audience with unique content that stands out from the competition. To achieve this, we employ:<\/span><\/p>\n<p><strong>Inboud Marketing, Google Adwords, SEO Web Positioning and e-mail Marketing campaigns.<\/strong><\/p>\n\n\t\t<\/div>\n\t<\/div>\n<div class=\"vc_empty_space\"   style=\"height: 20px\"><span class=\"vc_empty_space_inner\"><\/span><\/div><\/div><\/div><\/div><\/div><div class=\"vc_row-full-width vc_clearfix\"><\/div><!-- Row Backgrounds --><div data-vc-full-width=\"true\" data-vc-full-width-init=\"false\" data-vc-stretch-content=\"true\" class=\"vc_row wpb_row vc_row-fluid equal-height-columns vc_row-o-equal-height vc_row-o-content-top vc_row-flex\"><\/div><div class=\"vc_row-full-width vc_clearfix\"><\/div><!-- Row Backgrounds --><div class=\"vc_row wpb_row vc_row-fluid koral-home-stats col3widemobile vc_custom_1640698924137\"><div class=\"wide-box-mobile wpb_column vc_column_container vc_col-sm-12\"><div class=\"vc_column-inner\"><div class=\"wpb_wrapper\"><h2 style=\"font-size: 62px;color: #ffffff;text-align: center;font-family:Quicksand;font-weight:700;font-style:normal\" class=\"vc_custom_heading wpb_animate_when_almost_visible wpb_fadeInUp fadeInUp\" >WOW Experiences<\/h2><div class=\"vc_empty_space\"   style=\"height: 20px\"><span class=\"vc_empty_space_inner\"><\/span><\/div><div class=\"ult-animation  ult-animate-viewport  ult-no-mobile\" data-animate=\"fadeInUp\" data-animation-delay=\"0.3\" data-animation-duration=\"1\" data-animation-iteration=\"1\" style=\"opacity:0;\" data-opacity_start_effect=\"\"><div class=\"vc_row wpb_row vc_inner vc_row-fluid\"><div class=\"wpb_column vc_column_container vc_col-sm-12\"><div class=\"vc_column-inner\"><div class=\"wpb_wrapper\">\n\t<div class=\"wpb_text_column wpb_content_element  li span { color: #FFFFFF }\" >\n\t\t<div class=\"wpb_wrapper\">\n\t\t\t<h2 style=\"text-align: center;\"><span style=\"color: #ffffff;\">Do you feel that your business or project is currently stuck?<\/span><\/h2>\n<p style=\"text-align: center;\"><span style=\"color: #ffffff;\">We help you give a new direction to your ideas to turn them into actionable and effective projects.<\/span><\/p>\n<p style=\"text-align: center;\"><span style=\"color: #ffffff;\"><strong>Through a series of workshops and one-on-one consulting, you will achieve:<\/strong><\/span><\/p>\n<p style=\"text-align: center;\"><span style=\"color: #ffffff;\">Identify the true purpose of your business or entrepreneurship.<br \/>\nAwaken your creativity and apply it to your projects.<br \/>\nIdentify and promote your project, giving it a creative approach.<br \/>\nOrganize your time to achieve the results you are looking for.<\/span><\/p>\n\n\t\t<\/div>\n\t<\/div>\n<\/div><\/div><\/div><\/div><div class=\"vc_btn3-container vc_btn3-center\" ><a class=\"vc_general vc_btn3 vc_btn3-size-lg vc_btn3-shape-round vc_btn3-style-modern vc_btn3-color-white\" href=\"https:\/\/marketea.us\/en\/pages\/contacts-3\/\" title=\"Contacts 3\">CONTACT US<\/a><\/div><\/div><\/div><\/div><\/div><\/div><!-- Row Backgrounds --><div class=\"upb_bg_img\" data-ultimate-bg=\"url(http:\/\/demos.upperthemes.com\/koral\/site1\/wp-content\/uploads\/sites\/9\/2019\/07\/wallpaper4.jpg)\" data-image-id=\"id^1227|url^http:\/\/demos.upperthemes.com\/koral\/site1\/wp-content\/uploads\/sites\/9\/2019\/07\/wallpaper4.jpg|caption^null|alt^null|title^wallpaper4|description^null\" data-ultimate-bg-style=\"vcpb-default\" data-bg-img-repeat=\"no-repeat\" data-bg-img-size=\"cover\" data-bg-img-position=\"\" data-parallx_sense=\"30\" data-bg-override=\"ex-full\" data-bg_img_attach=\"scroll\" data-upb-overlay-color=\"rgba(237,0,150,0.76)\" data-upb-bg-animation=\"\" data-fadeout=\"\" data-bg-animation=\"left-animation\" data-bg-animation-type=\"h\" data-animation-repeat=\"repeat\" data-fadeout-percentage=\"30\" data-parallax-content=\"\" data-parallax-content-sense=\"30\" data-row-effect-mobile-disable=\"true\" data-img-parallax-mobile-disable=\"true\" data-rtl=\"false\"  data-custom-vc-row=\"\"  data-vc=\"6.7.0\"  data-is_old_vc=\"\"  data-theme-support=\"\"   data-overlay=\"true\" data-overlay-color=\"rgba(237,0,150,0.76)\" data-overlay-pattern=\"\" data-overlay-pattern-opacity=\"0.8\" data-overlay-pattern-size=\"\" data-overlay-pattern-attachment=\"scroll\"    ><\/div>","protected":false},"excerpt":{"rendered":"Conoce nuestros programasEstos talleres son tra\u00eddos por Renaissance Entrepreneurship Center para apoyar a la comunidad de peque\u00f1os negocios y emprendedores. Son totalmente gratuitos y est\u00e1n dise\u00f1ados para ayudar a crecer y mejorar tus habilidades empresariales.Programas disponibles Descubrimos la manera para que tu marca alcance mayor rentabilidad, dise\u00f1ando estrategias efectivas y de alto impacto. Creando productos [...]","protected":false},"author":1,"featured_media":0,"parent":0,"menu_order":0,"comment_status":"closed","ping_status":"closed","template":"page.php","meta":[],"_links":{"self":[{"href":"https:\/\/marketea.us\/en\/wp-json\/wp\/v2\/pages\/2716"}],"collection":[{"href":"https:\/\/marketea.us\/en\/wp-json\/wp\/v2\/pages"}],"about":[{"href":"https:\/\/marketea.us\/en\/wp-json\/wp\/v2\/types\/page"}],"author":[{"embeddable":true,"href":"https:\/\/marketea.us\/en\/wp-json\/wp\/v2\/users\/1"}],"replies":[{"embeddable":true,"href":"https:\/\/marketea.us\/en\/wp-json\/wp\/v2\/comments?post=2716"}],"version-history":[{"count":8,"href":"https:\/\/marketea.us\/en\/wp-json\/wp\/v2\/pages\/2716\/revisions"}],"predecessor-version":[{"id":2736,"href":"https:\/\/marketea.us\/en\/wp-json\/wp\/v2\/pages\/2716\/revisions\/2736"}],"wp:attachment":[{"href":"https:\/\/marketea.us\/en\/wp-json\/wp\/v2\/media?parent=2716"}],"curies":[{"name":"wp","href":"https:\/\/api.w.org\/{rel}","templated":true}]}}