{"id":1668,"date":"2019-07-06T13:28:56","date_gmt":"2019-07-06T20:28:56","guid":{"rendered":"http:\/\/demos.upperthemes.com\/koral\/site1\/?page_id=1668"},"modified":"2022-01-25T00:27:05","modified_gmt":"2022-01-25T08:27:05","slug":"contacts-3","status":"publish","type":"page","link":"https:\/\/marketea.us\/en\/contacts-3\/","title":{"rendered":"Contact"},"content":{"rendered":"<div class=\"vc_row wpb_row vc_row-fluid vc_custom_1642479564429\"><div class=\"box-paddingr wpb_column vc_column_container vc_col-sm-6\"><div class=\"vc_column-inner\"><div class=\"wpb_wrapper\"><h2 style=\"text-align: left\" class=\"vc_custom_heading no-letter-spacing\" >Let's get to work!<\/h2><div class=\"vc_empty_space\"   style=\"height: 10px\"><span class=\"vc_empty_space_inner\"><\/span><\/div><p style=\"text-align: left\" class=\"vc_custom_heading no-letter-spacing\" >Visit us at our offices, contact us by phone or fill out the contact form so we can talk about your project.<\/p><div class=\"vc_empty_space\"   style=\"height: 25px\"><span class=\"vc_empty_space_inner\"><\/span><\/div>\n\t<div class=\"wpb_text_column wpb_content_element\" >\n\t\t<div class=\"wpb_wrapper\">\n\t\t\t<p>2150N 1st Street, Suite 434,<br \/>\nSan Jos\u00e9, CA. 95131<\/p>\n<p><strong>Email:<\/strong> info@marketea.us<br \/>\n<strong>WhatsApp:<\/strong> +1 408-685-5783<\/p>\n\n\t\t<\/div>\n\t<\/div>\n<div class=\"vc_empty_space\"   style=\"height: 25px\"><span class=\"vc_empty_space_inner\"><\/span><\/div><div class=\"ult-just-icon-wrapper align-icon-left\"><div class=\"align-icon\" style=\"text-align:left;\">\n<a class=\"aio-tooltip 69f2273237f90\" href=\"https:\/\/www.facebook.com\/MarketeaDigitalStrategy\" target=\"_blank\" rel=\"noopener\"  data-toggle=\"tooltip\" data-placement=\"\"><div class=\"aio-icon circle\" data-animation=\"fadeInUp\" data-animation-delay=\"03\" style=\"color:#ffffff;background:#0066bf;font-size:35px;\">\n\t<i class=\"Defaults-facebook facebook-f\"><\/i>\n<\/div><\/a><\/div><\/div><div class=\"ult-just-icon-wrapper align-icon-left\"><div class=\"align-icon\" style=\"text-align:center;\">\n<a class=\"aio-tooltip 69f2273237fe4\" href=\"https:\/\/www.instagram.com\/marketea.digital\/\" target=\"_blank\" rel=\"noopener\"  data-toggle=\"tooltip\" data-placement=\"\"><div class=\"aio-icon circle\" data-animation=\"fadeInUp\" data-animation-delay=\"03\" style=\"color:#ffffff;background:#8224e3;font-size:35px;display:inline-block;\">\n\t<i class=\"Defaults-instagram\"><\/i>\n<\/div><\/a><\/div><\/div><\/div><\/div><\/div><div class=\"wpb_column vc_column_container vc_col-sm-6\"><div class=\"vc_column-inner\"><div class=\"wpb_wrapper\"><div class=\"ult-spacer spacer-69f22732381f6\" data-id=\"69f22732381f6\" data-height=\"0\" data-height-mobile=\"70\" data-height-tab=\"\" data-height-tab-portrait=\"\" data-height-mobile-landscape=\"70\" style=\"clear:both;display:block;\"><\/div><div role=\"form\" class=\"wpcf7\" id=\"wpcf7-f319-o1\" lang=\"en-US\" dir=\"ltr\">\n<div class=\"screen-reader-response\"><p role=\"status\" aria-live=\"polite\" aria-atomic=\"true\"><\/p> <ul><\/ul><\/div>\n<form action=\"\/en\/wp-json\/wp\/v2\/pages\/1668#wpcf7-f319-o1\" method=\"post\" class=\"wpcf7-form init\" novalidate=\"novalidate\" data-status=\"init\" data-trp-original-action=\"\/en\/wp-json\/wp\/v2\/pages\/1668#wpcf7-f319-o1\">\n<div style=\"display: none;\">\n<input type=\"hidden\" name=\"_wpcf7\" value=\"319\" \/>\n<input type=\"hidden\" name=\"_wpcf7_version\" value=\"5.5.3\" \/>\n<input type=\"hidden\" name=\"_wpcf7_locale\" value=\"en_US\" \/>\n<input type=\"hidden\" name=\"_wpcf7_unit_tag\" value=\"wpcf7-f319-o1\" \/>\n<input type=\"hidden\" name=\"_wpcf7_container_post\" value=\"0\" \/>\n<input type=\"hidden\" name=\"_wpcf7_posted_data_hash\" value=\"\" \/>\n<\/div>\n<div class=\"koral-labeled\">\n<h4>REQUEST YOUR QUOTE!<\/h4>\n<div class=\"f-name\">\n    <span class=\"wpcf7-form-control-wrap your-name\"><input type=\"text\" name=\"your-name\" value=\"\" size=\"40\" class=\"wpcf7-form-control wpcf7-text wpcf7-validates-as-required\" aria-required=\"true\" aria-invalid=\"false\" placeholder=\"Name *\" \/><\/span>\n<\/div>\n<div class=\"f-email\">\n    <span class=\"wpcf7-form-control-wrap your-email\"><input type=\"email\" name=\"your-email\" value=\"\" size=\"40\" class=\"wpcf7-form-control wpcf7-text wpcf7-email wpcf7-validates-as-required wpcf7-validates-as-email\" aria-required=\"true\" aria-invalid=\"false\" placeholder=\"Email *\" \/><\/span>\n<\/div>\n<div class=\"f-message\">\n    <span class=\"wpcf7-form-control-wrap your-message\"><textarea name=\"your-message\" cols=\"40\" rows=\"10\" class=\"wpcf7-form-control wpcf7-textarea wpcf7-validates-as-required\" aria-required=\"true\" aria-invalid=\"false\" placeholder=\"Message *\"><\/textarea><\/span>\n<\/div>\n<div class=\"bt-contact\">\n   <a class=\"btn-contact-left\"  href=\"javascript:;\"><input type=\"submit\" value=\"SEND EMAIL\" class=\"wpcf7-form-control has-spinner wpcf7-submit\" \/><\/a>\n<\/div>\n<\/div>\n<div class=\"wpcf7-response-output\" aria-hidden=\"true\"><\/div><input type=\"hidden\" name=\"trp-form-language\" value=\"en\"\/><\/form><\/div><\/div><\/div><\/div><\/div><!-- Row Backgrounds --><div data-vc-full-width=\"true\" data-vc-full-width-init=\"false\" data-vc-stretch-content=\"true\" class=\"vc_row wpb_row vc_row-fluid vc_row-no-padding\"><div class=\"wpb_column vc_column_container vc_col-sm-12\"><div class=\"vc_column-inner\"><div class=\"wpb_wrapper\"><div class=\"wpb_gmaps_widget wpb_content_element\"><div class=\"wpb_wrapper\"><div class=\"wpb_map_wraper\"><iframe src=\"https:\/\/www.google.com\/maps\/embed?pb=!1m18!1m12!1m3!1d3170.531053807545!2d-121.92252158469367!3d37.37727157983383!2m3!1f0!2f0!3f0!3m2!1i1024!2i768!4f13.1!3m3!1m2!1s0x808fcbe895e55555%3A0xb6c4b661ae159854!2s2150%20N%201st%20St%20Suite%20434%2C%20San%20Jose%2C%20CA%2095131%2C%20EE.%20UU.!5e0!3m2!1ses-419!2smx!4v1643090363768!5m2!1ses-419!2smx\" width=\"100%\" height=\"450\" style=\"border:0;\" allowfullscreen=\"\" loading=\"lazy\"><\/iframe><\/div><\/div><\/div><\/div><\/div><\/div><\/div><div class=\"vc_row-full-width vc_clearfix\"><\/div>","protected":false},"excerpt":{"rendered":"\u00a1Manos a la obra!Vis\u00edtanos en nuestras oficinas, cont\u00e1ctanos por tel\u00e9fono o a trav\u00e9s del formulario de contacto para hablar sobre tu proyecto. 2150N 1st Street, Suite 434, San Jos\u00e9, CA. 95131 Email: info@marketea.us WhatsApp: +1 408-685-5783 REQUEST YOUR QUOTE!","protected":false},"author":1,"featured_media":0,"parent":0,"menu_order":0,"comment_status":"closed","ping_status":"closed","template":"page.php","meta":[],"_links":{"self":[{"href":"https:\/\/marketea.us\/en\/wp-json\/wp\/v2\/pages\/1668"}],"collection":[{"href":"https:\/\/marketea.us\/en\/wp-json\/wp\/v2\/pages"}],"about":[{"href":"https:\/\/marketea.us\/en\/wp-json\/wp\/v2\/types\/page"}],"author":[{"embeddable":true,"href":"https:\/\/marketea.us\/en\/wp-json\/wp\/v2\/users\/1"}],"replies":[{"embeddable":true,"href":"https:\/\/marketea.us\/en\/wp-json\/wp\/v2\/comments?post=1668"}],"version-history":[{"count":28,"href":"https:\/\/marketea.us\/en\/wp-json\/wp\/v2\/pages\/1668\/revisions"}],"predecessor-version":[{"id":2570,"href":"https:\/\/marketea.us\/en\/wp-json\/wp\/v2\/pages\/1668\/revisions\/2570"}],"wp:attachment":[{"href":"https:\/\/marketea.us\/en\/wp-json\/wp\/v2\/media?parent=1668"}],"curies":[{"name":"wp","href":"https:\/\/api.w.org\/{rel}","templated":true}]}}